{"id":733,"date":"2024-05-22T10:34:57","date_gmt":"2024-05-22T10:34:57","guid":{"rendered":"https:\/\/www.sbcarwash.de\/?page_id=733"},"modified":"2024-06-02T01:21:29","modified_gmt":"2024-06-02T01:21:29","slug":"agb","status":"publish","type":"page","link":"https:\/\/www.sbcarwash.de\/en\/agb\/","title":{"rendered":"GTCs"},"content":{"rendered":"<div data-elementor-type=\"wp-page\" data-elementor-id=\"733\" class=\"elementor elementor-733\">\n\t\t\t\t<div class=\"elementor-element elementor-element-7ea1185 e-flex e-con-boxed e-con e-parent\" data-id=\"7ea1185\" data-element_type=\"container\" data-e-type=\"container\">\n\t\t\t\t\t<div class=\"e-con-inner\">\n\t\t\t\t<div class=\"elementor-element elementor-element-28e062e elementor-widget elementor-widget-image\" data-id=\"28e062e\" data-element_type=\"widget\" data-e-type=\"widget\" data-widget_type=\"image.default\">\n\t\t\t\t<div class=\"elementor-widget-container\">\n\t\t\t\t\t\t\t\t\t\t\t\t\t\t\t<img fetchpriority=\"high\" decoding=\"async\" width=\"1920\" height=\"1080\" src=\"https:\/\/www.sbcarwash.de\/wp-content\/uploads\/2024\/05\/1.png\" class=\"attachment-full size-full wp-image-679\" alt=\"\" srcset=\"https:\/\/www.sbcarwash.de\/wp-content\/uploads\/2024\/05\/1.png 1920w, https:\/\/www.sbcarwash.de\/wp-content\/uploads\/2024\/05\/1-300x169.png 300w, https:\/\/www.sbcarwash.de\/wp-content\/uploads\/2024\/05\/1-1024x576.png 1024w, https:\/\/www.sbcarwash.de\/wp-content\/uploads\/2024\/05\/1-768x432.png 768w, https:\/\/www.sbcarwash.de\/wp-content\/uploads\/2024\/05\/1-1536x864.png 1536w, https:\/\/www.sbcarwash.de\/wp-content\/uploads\/2024\/05\/1-800x450.png 800w\" sizes=\"(max-width: 1920px) 100vw, 1920px\" \/>\t\t\t\t\t\t\t\t\t\t\t\t\t\t\t<\/div>\n\t\t\t\t<\/div>\n\t\t\t\t\t<\/div>\n\t\t\t\t<\/div>\n\t\t<div class=\"elementor-element elementor-element-9fec7e3 e-flex e-con-boxed e-con e-parent\" data-id=\"9fec7e3\" data-element_type=\"container\" data-e-type=\"container\">\n\t\t\t\t\t<div class=\"e-con-inner\">\n\t\t\t\t<div class=\"elementor-element elementor-element-a9894dd elementor-widget elementor-widget-heading\" data-id=\"a9894dd\" data-element_type=\"widget\" data-e-type=\"widget\" data-widget_type=\"heading.default\">\n\t\t\t\t<div class=\"elementor-widget-container\">\n\t\t\t\t\t<h3 class=\"elementor-heading-title elementor-size-default\">ALLGEMEINE GESCH\u00c4FTSBEDINGUNGEN SB-WASCHPL\u00c4TZE\n\n<\/h3>\t\t\t\t<\/div>\n\t\t\t\t<\/div>\n\t\t\t\t\t<\/div>\n\t\t\t\t<\/div>\n\t\t<div class=\"elementor-element elementor-element-2173fec e-flex e-con-boxed e-con e-parent\" data-id=\"2173fec\" data-element_type=\"container\" data-e-type=\"container\">\n\t\t\t\t\t<div class=\"e-con-inner\">\n\t\t\t\t<div class=\"elementor-element elementor-element-a740845 elementor-widget elementor-widget-text-editor\" data-id=\"a740845\" data-element_type=\"widget\" data-e-type=\"widget\" data-widget_type=\"text-editor.default\">\n\t\t\t\t<div class=\"elementor-widget-container\">\n\t\t\t\t\t\t\t\t\t<p>Die Benutzung der SB-Waschpl\u00e4tze erfolgt ausschlie\u00dflich unter Zugrundelegung der nachfolgenden Bedingungen:<\/p><p>1.Die Benutzungshinweise \/Bedienungshinweise \/Einfahrtshinweise sowie etwaige Anweisungen des Betreibers oder Personals sind zu beachten und zu befolgen, ebenso wie die Bedienungsanleitung Ihres Fahrzeugs. Sollte einer dieser hier aufgef\u00fchrten Bedingungen nicht erf\u00fcllt oder beachtet werden, entf\u00e4llt jede Haftung des Anlagenbetreibers und die Nutzung der SB-Waschboxen und der SB-Ger\u00e4te (Staubsauger, Druckluftpistolen, Mattenreiniger, usw.) erfolgt auf eigene Gefahr. Bei Unklarheiten ist der Anlagenbetreiber oder sein Personal zu befragen.<\/p><p>2. Folgende Mindestabst\u00e4nde zum Fahrzeug sind einzuhalten:<\/p><ul><li>Hochdrucklanze ca. 20-50 cm<\/li><li>Klarsp\u00fclfunktion ca. 30-50 cm<\/li><li>Lackkonservierung ca. 30-50 cm<\/li><li>Glanzsp\u00fclfunktion ca. 30 cm<\/li><\/ul><p>Falls diese Mindestabst\u00e4nde nicht beachtet werden, erfolgt die Autow\u00e4sche ausschlie\u00dflich auf eigene Gefahr.<\/p><p>\u00a0<\/p><p><span style=\"font-size: 14px; color: var( --e-global-color-text ); text-align: var(--text-align);\">3.Der\/die Kunde\/in muss sich vor Inbetriebnahme der bereitgestellten SB-Waschboxen, SB-Sauger, Druckluftpistolen (soweit vorhanden) und sonstigen SB-Ger\u00e4ten von deren ordnungsgem\u00e4\u00dfen Zustand und deren Sauberkeit \u00fcberzeugen. Insbesondere ist zu kontrollieren, dass sich keine Fremdk\u00f6rper in der Schaumb\u00fcrste der SB-Waschbox befinden. Auch m\u00fcssen die Powerschaum- und Hochdrucklanzen auf ihren ordnungsgem\u00e4\u00dfen Zustand kontrolliert werden. Sollte der\/die Kunde\/in hier einen Mangel feststellen, ist die Nutzung umgehend einzustellen und der Anlagenbetreiber zu informieren. Ein Kontaktformular hierzu finden Sie auf unserer Webseite unter Kontakt oder an der Anlage ausgeschildert.<\/span><\/p><p><span style=\"font-size: 14px; color: var( --e-global-color-text ); text-align: var(--text-align);\">\u00a0<\/span><\/p><p><span style=\"font-size: 14px; color: var( --e-global-color-text ); text-align: var(--text-align);\">4. Die SB-Anlagen und ihre Vorrichtungen d\u00fcrfen nicht gegen Menschen und Tiere gerichtet werden. Die Druckluftpistolen d\u00fcrfen nicht von Kindern unter 16 Jahren benutzt werden. Durch Bildung von Kondenswasser besteht die M\u00f6glichkeit, dass Wasser aus der Druckluftpistole austritt. Aus diesem Grund darf die Pistole nicht auf elektrische Einrichtungen oder Polster des Kundenfahrzeugs gehalten werden.<\/span><\/p><p><span style=\"font-size: 14px; color: var( --e-global-color-text ); text-align: var(--text-align);\">\u00a0<\/span><\/p><p><span style=\"font-size: 14px; color: var( --e-global-color-text ); text-align: var(--text-align);\">5. Der Benutzer wird auf die hohe Saugkraft der SB-Sauger hingewiesen. Eine Haftung f\u00fcr aufgesaugte Gegenst\u00e4nde wird nicht \u00fcbernommen. Staubsauer d\u00fcrfen nur zur Reinigung des Innenraums benutzt werden. Es darf auf keinen Fall der Motorraum oder \u00e4hnliches ausgesaugt werden. Auch ist es nicht gestattet, Wasser aufzusaugen. Um Kratzer zu vermeiden, muss der\/die Kunde\/in darauf achten, dass der Staubsaugerschlauch nicht die Karosserie seines\/ihres Fahrzeugs ber\u00fchrt.<\/span><\/p><p><span style=\"font-size: 14px; color: var( --e-global-color-text ); text-align: var(--text-align);\">\u00a0<\/span><\/p><p><span style=\"font-size: 14px; color: var( --e-global-color-text ); text-align: var(--text-align);\">6. Nur Fahrzeug-Oberw\u00e4sche. Keine Reinigung von Bau- oder Landmaschinen! Es ist nicht gestattet, andere Reinigungen als Fahrzeug-Oberw\u00e4schen durchzuf\u00fchren. Insbesondere ist die Motorw\u00e4sche untersagt. Untersagt ist die Reinigung von Kraftfahrzeugteilen, an denen sich sonstige Kraft- oder Schmierstoffe befinden k\u00f6nnten oder Chemikalien, Industrieschmutz oder andere Altlasten. Die SB-Anlage darf nicht zur Reinigung von Bau- und Landmaschinen und anderen verschmutzten Ger\u00e4tschaften verwendet werden. Die Ausf\u00fchrung von Reparatur- und Wartungsarbeiten, insbesondere der Wechsel von Motor\u00f6l, Getriebe\u00f6l oder Bremsfl\u00fcssigkeit ist strikt untersagt. Bei Zuwiderhandlungen wird Anzeige erstattet und der Nutzende auf Unterlassung und Schadensersatz in Anspruch genommen.<\/span><\/p><p><span style=\"font-size: 14px; color: var( --e-global-color-text ); text-align: var(--text-align);\">\u00a0<\/span><\/p><p><span style=\"font-size: 14px; color: var( --e-global-color-text ); text-align: var(--text-align);\">7. In den SB-Boxen ist die Reinigung von Fahrr\u00e4dern, Wohnmobilen, Wohnwagen und Transportern (max. H\u00f6he von 3,50m) gestattet.<\/span><\/p><p>Achtung!\u00a0Die Reinigung Fahrr\u00e4dern ist mit \u00e4u\u00dferster Sorgfalt und nach Angaben des Herstellers durchzuf\u00fchren. Insbesondere sensible Teile k\u00f6nnen besch\u00e4digt werden. Ein angemessener Sicherheitsabstand ist bei der Reinigung einzuhalten. Achten Sie darauf, dass Sie einen ausreichenden Abstand halten, so dass weder Teile besch\u00e4digt noch durch Spritzer die Kleidung des Nutzenden verunreinigt werden kann. Die Reinigung aller Fahrzeuge erfolgt in eigener Verantwortung und auf eigene Gefahr! Eine Haftung des Betreibers besteht nur dann, wenn ihn oder sein Personal eine grobe Fahrl\u00e4ssigkeit oder Verschulden trifft.\u00a0<\/p><p><span style=\"font-size: 14px; color: var( --e-global-color-text ); text-align: var(--text-align);\">\u00a0<\/span><\/p><p><span style=\"font-size: 14px; color: var( --e-global-color-text ); text-align: var(--text-align);\">8. Der Nutzende hat Ersatzanspr\u00fcche wegen offensichtlicher Sch\u00e4den dem Anlagenbetreiber\/Personal noch vor Verlassen des Betriebsgrundst\u00fcckes mitzuteilen; ansonsten entf\u00e4llt die Haftung des Betreibers, es sei denn, der Betreiber oder sein Personal haben den Schaden durch grobe Fahrl\u00e4ssigkeit oder Vorsatz verursacht. Wir \u00fcbernehmen keine Haftung bei Folgesch\u00e4den von unfachm\u00e4nnischen sowie besch\u00e4digten Lackierungen wie z. B. durch Steinschlag oder Korrosion.<\/span><\/p><p><span style=\"font-size: 14px; color: var( --e-global-color-text ); text-align: var(--text-align);\">\u00a0<\/span><\/p><p><span style=\"font-size: 14px; color: var( --e-global-color-text ); text-align: var(--text-align);\">9. Aus abwasserrechtlichen Gr\u00fcnden d\u00fcrfen mitgebrachte Reinigungsmittel bzw. Reinigungs-Chemikalien nicht verwendet werden. Sollte dies dennoch geschehen, behalten wir uns das Recht vor, etwaige Sch\u00e4den wie z. B. eine St\u00f6rung in unserer biologischen Abwasserbehandlungsanlage (z.B. durch saure Reiniger, wie Felgenreiniger) dem\/der jeweiligen Kunden\/in zu berechnen. Auch Bu\u00dfgelder der zust\u00e4ndigen Gemeinde w\u00fcrden wir bei dem\/der Verursacher\/in geltend machen.<\/span><\/p><p><span style=\"font-size: 14px; color: var( --e-global-color-text ); text-align: var(--text-align);\">\u00a0<\/span><\/p><p><span style=\"font-size: 14px; color: var( --e-global-color-text ); text-align: var(--text-align);\">10. Nach Beendigung des Waschvorgangs sind die SB-Waschboxen f\u00fcr den n\u00e4chsten Kunden unverz\u00fcglich wieder freizumachen. F\u00fcr Nacharbeiten wie z. B. das Abledern bitte die Abstellfl\u00e4chen bzw. den Staubsaugerbereich au\u00dferhalb der SB-Waschboxen benutzen.<\/span><\/p><p><span style=\"font-size: 14px; color: var( --e-global-color-text ); text-align: var(--text-align);\">\u00a0<\/span><\/p><p><span style=\"font-size: 14px; color: var( --e-global-color-text ); text-align: var(--text-align);\">11. Abladen\/Abstellen von M\u00fcll jeglicher Art ist verboten und wird unverz\u00fcglich zur Anzeige gebracht. Das Betreten\/Befahren des Grundst\u00fcckes zum Zwecke des M\u00fcllabladens ist verboten.<\/span><\/p><p><span style=\"font-size: 14px; color: var( --e-global-color-text ); text-align: var(--text-align);\">\u00a0<\/span><\/p><p><span style=\"font-size: 14px; color: var( --e-global-color-text ); text-align: var(--text-align);\">12. Auf dem Betriebsgel\u00e4nde gelten die Vorschriften der Stra\u00dfenverkehrsordnung entsprechend. Das Befahren der Anlage erfolgt auf eigene Gefahr. Im Winter wird nur ein eingeschr\u00e4nkter Winterdienst ausgef\u00fchrt.<\/span><\/p><p><span style=\"font-size: 14px; color: var( --e-global-color-text ); text-align: var(--text-align);\">\u00a0<\/span><\/p><p><span style=\"font-size: 14px; color: var( --e-global-color-text ); text-align: var(--text-align);\">13. Der\/die Kunde\/in hat kein Anrecht auf eine Auszahlung des Guthabens der Vorteilskarte. Sollte es dennoch zu einer Auszahlung kommen, wird der\u00a0<\/span><span style=\"color: var( --e-global-color-text ); font-size: 14px; text-align: var(--text-align);\">gew\u00e4hrte Aufladebonus in Abzug gebracht.<\/span><\/p><p><span style=\"font-size: 14px; color: var( --e-global-color-text ); text-align: var(--text-align);\">\u00a0<\/span><\/p><p><span style=\"font-size: 14px; color: var( --e-global-color-text ); text-align: var(--text-align);\">14. Die Haftung f\u00fcr Sch\u00e4den aus der Verletzung des Lebens, des K\u00f6rpers oder der Gesundheit ist ausgeschlossen, es sei denn, sie beruht auf einer groben Fahrl\u00e4ssigkeit oder Vorsatz des Betreibers oder seiner Erf\u00fcllungsgehilfen.<\/span><\/p><p><span style=\"font-size: 14px; color: var( --e-global-color-text ); text-align: var(--text-align);\">\u00a0<\/span><\/p><p><span style=\"font-size: 14px; color: var( --e-global-color-text ); text-align: var(--text-align);\">15.\u00a0<\/span><span style=\"color: var( --e-global-color-text ); font-size: 14px; text-align: var(--text-align);\">Der Betreiber der SB-Anlagen nimmt nicht an einem Streitbeilegungsverfahren vor einer Verbraucherschlichtungsstelle teil. Gerichtsstand f\u00fcr Rechtsstreitigkeiten ist das Amtsgericht Wiesbaden.<\/span><\/p><p><span style=\"font-size: 14px; color: var( --e-global-color-text ); text-align: var(--text-align);\">\u00a0<\/span><\/p><p><span style=\"font-size: 14px; color: var( --e-global-color-text ); text-align: var(--text-align);\">16. Es gelten die ausgehangenen Allgemeinen Gesch\u00e4ftsbedingungen, die der Kunde mit der Benutzung der SB-Waschanlage akzeptiert.<\/span><\/p><p><span style=\"font-size: 14px; color: var( --e-global-color-text ); text-align: var(--text-align);\">\u00a0<\/span><\/p><p><span style=\"font-size: 14px; color: var( --e-global-color-text ); text-align: var(--text-align);\">17. Die Anlage ist Kamera\u00fcberwacht.<\/span><\/p><p><span style=\"font-size: 14px; color: var( --e-global-color-text ); text-align: var(--text-align);\">\u00a0<\/span><\/p><p><span style=\"font-size: 14px; color: var( --e-global-color-text ); text-align: var(--text-align);\">18. Sollte eine Klausel dieser AGB oder ein Teil davon unwirksam sein oder werden, so bleibt die G\u00fcltigkeit der \u00fcbrigen Bestimmungen hiervon unber\u00fchrt.<\/span><\/p>\t\t\t\t\t\t\t\t<\/div>\n\t\t\t\t<\/div>\n\t\t\t\t\t<\/div>\n\t\t\t\t<\/div>\n\t\t\t\t<\/div>","protected":false},"excerpt":{"rendered":"<p>ALLGEMEINE GESCH\u00c4FTSBEDINGUNGEN SB-WASCHPL\u00c4TZE Die Benutzung der SB-Waschpl\u00e4tze erfolgt ausschlie\u00dflich unter Zugrundelegung der nachfolgenden Bedingungen: 1.Die Benutzungshinweise \/Bedienungshinweise \/Einfahrtshinweise sowie etwaige Anweisungen des Betreibers oder Personals sind zu beachten und zu befolgen, ebenso wie die Bedienungsanleitung Ihres Fahrzeugs. Sollte einer dieser hier aufgef\u00fchrten Bedingungen nicht erf\u00fcllt oder beachtet werden, entf\u00e4llt jede Haftung des Anlagenbetreibers und die [&hellip;]<\/p>\n","protected":false},"author":1,"featured_media":0,"parent":0,"menu_order":0,"comment_status":"closed","ping_status":"closed","template":"","meta":{"ocean_post_layout":"full-screen","ocean_both_sidebars_style":"","ocean_both_sidebars_content_width":0,"ocean_both_sidebars_sidebars_width":0,"ocean_sidebar":"","ocean_second_sidebar":"","ocean_disable_margins":"enable","ocean_add_body_class":"","ocean_shortcode_before_top_bar":"","ocean_shortcode_after_top_bar":"","ocean_shortcode_before_header":"","ocean_shortcode_after_header":"","ocean_has_shortcode":"","ocean_shortcode_after_title":"","ocean_shortcode_before_footer_widgets":"","ocean_shortcode_after_footer_widgets":"","ocean_shortcode_before_footer_bottom":"","ocean_shortcode_after_footer_bottom":"","ocean_display_top_bar":"off","ocean_display_header":"off","ocean_header_style":"","ocean_center_header_left_menu":"","ocean_custom_header_template":"","ocean_custom_logo":0,"ocean_custom_retina_logo":0,"ocean_custom_logo_max_width":0,"ocean_custom_logo_tablet_max_width":0,"ocean_custom_logo_mobile_max_width":0,"ocean_custom_logo_max_height":0,"ocean_custom_logo_tablet_max_height":0,"ocean_custom_logo_mobile_max_height":0,"ocean_header_custom_menu":"","ocean_menu_typo_font_family":"","ocean_menu_typo_font_subset":"","ocean_menu_typo_font_size":0,"ocean_menu_typo_font_size_tablet":0,"ocean_menu_typo_font_size_mobile":0,"ocean_menu_typo_font_size_unit":"px","ocean_menu_typo_font_weight":"","ocean_menu_typo_font_weight_tablet":"","ocean_menu_typo_font_weight_mobile":"","ocean_menu_typo_transform":"","ocean_menu_typo_transform_tablet":"","ocean_menu_typo_transform_mobile":"","ocean_menu_typo_line_height":0,"ocean_menu_typo_line_height_tablet":0,"ocean_menu_typo_line_height_mobile":0,"ocean_menu_typo_line_height_unit":"","ocean_menu_typo_spacing":0,"ocean_menu_typo_spacing_tablet":0,"ocean_menu_typo_spacing_mobile":0,"ocean_menu_typo_spacing_unit":"","ocean_menu_link_color":"","ocean_menu_link_color_hover":"","ocean_menu_link_color_active":"","ocean_menu_link_background":"","ocean_menu_link_hover_background":"","ocean_menu_link_active_background":"","ocean_menu_social_links_bg":"","ocean_menu_social_hover_links_bg":"","ocean_menu_social_links_color":"","ocean_menu_social_hover_links_color":"","ocean_disable_title":"on","ocean_disable_heading":"default","ocean_post_title":"","ocean_post_subheading":"","ocean_post_title_style":"","ocean_post_title_background_color":"","ocean_post_title_background":0,"ocean_post_title_bg_image_position":"","ocean_post_title_bg_image_attachment":"","ocean_post_title_bg_image_repeat":"","ocean_post_title_bg_image_size":"","ocean_post_title_height":0,"ocean_post_title_bg_overlay":0.5,"ocean_post_title_bg_overlay_color":"","ocean_disable_breadcrumbs":"default","ocean_breadcrumbs_color":"","ocean_breadcrumbs_separator_color":"","ocean_breadcrumbs_links_color":"","ocean_breadcrumbs_links_hover_color":"","ocean_display_footer_widgets":"on","ocean_display_footer_bottom":"on","ocean_custom_footer_template":"","footnotes":""},"class_list":["post-733","page","type-page","status-publish","hentry","entry"],"_links":{"self":[{"href":"https:\/\/www.sbcarwash.de\/en\/wp-json\/wp\/v2\/pages\/733","targetHints":{"allow":["GET"]}}],"collection":[{"href":"https:\/\/www.sbcarwash.de\/en\/wp-json\/wp\/v2\/pages"}],"about":[{"href":"https:\/\/www.sbcarwash.de\/en\/wp-json\/wp\/v2\/types\/page"}],"author":[{"embeddable":true,"href":"https:\/\/www.sbcarwash.de\/en\/wp-json\/wp\/v2\/users\/1"}],"replies":[{"embeddable":true,"href":"https:\/\/www.sbcarwash.de\/en\/wp-json\/wp\/v2\/comments?post=733"}],"version-history":[{"count":21,"href":"https:\/\/www.sbcarwash.de\/en\/wp-json\/wp\/v2\/pages\/733\/revisions"}],"predecessor-version":[{"id":1031,"href":"https:\/\/www.sbcarwash.de\/en\/wp-json\/wp\/v2\/pages\/733\/revisions\/1031"}],"wp:attachment":[{"href":"https:\/\/www.sbcarwash.de\/en\/wp-json\/wp\/v2\/media?parent=733"}],"curies":[{"name":"wp","href":"https:\/\/api.w.org\/{rel}","templated":true}]}}