{"id":161,"date":"2024-02-20T12:55:02","date_gmt":"2024-02-20T12:55:02","guid":{"rendered":"https:\/\/www.sbcarwash.de\/?page_id=161"},"modified":"2024-08-12T11:38:36","modified_gmt":"2024-08-12T11:38:36","slug":"impressum","status":"publish","type":"page","link":"https:\/\/www.sbcarwash.de\/en\/impressum\/","title":{"rendered":"Legal notice"},"content":{"rendered":"<div data-elementor-type=\"wp-page\" data-elementor-id=\"161\" class=\"elementor elementor-161\">\n\t\t\t\t<div class=\"elementor-element elementor-element-6c29174 e-con-full e-flex e-con e-parent\" data-id=\"6c29174\" data-element_type=\"container\" data-e-type=\"container\">\n\t\t\t\t<div class=\"elementor-element elementor-element-52524de elementor-widget elementor-widget-image\" data-id=\"52524de\" data-element_type=\"widget\" data-e-type=\"widget\" data-widget_type=\"image.default\">\n\t\t\t\t<div class=\"elementor-widget-container\">\n\t\t\t\t\t\t\t\t\t\t\t\t\t\t\t<img fetchpriority=\"high\" decoding=\"async\" width=\"1920\" height=\"1080\" src=\"https:\/\/www.sbcarwash.de\/wp-content\/uploads\/2024\/05\/2.png\" class=\"attachment-full size-full wp-image-680\" alt=\"\" srcset=\"https:\/\/www.sbcarwash.de\/wp-content\/uploads\/2024\/05\/2.png 1920w, https:\/\/www.sbcarwash.de\/wp-content\/uploads\/2024\/05\/2-300x169.png 300w, https:\/\/www.sbcarwash.de\/wp-content\/uploads\/2024\/05\/2-1024x576.png 1024w, https:\/\/www.sbcarwash.de\/wp-content\/uploads\/2024\/05\/2-768x432.png 768w, https:\/\/www.sbcarwash.de\/wp-content\/uploads\/2024\/05\/2-1536x864.png 1536w, https:\/\/www.sbcarwash.de\/wp-content\/uploads\/2024\/05\/2-800x450.png 800w\" sizes=\"(max-width: 1920px) 100vw, 1920px\" \/>\t\t\t\t\t\t\t\t\t\t\t\t\t\t\t<\/div>\n\t\t\t\t<\/div>\n\t\t\t\t<\/div>\n\t\t<div class=\"elementor-element elementor-element-2fc52cc e-flex e-con-boxed e-con e-parent\" data-id=\"2fc52cc\" data-element_type=\"container\" data-e-type=\"container\" data-settings=\"{&quot;background_background&quot;:&quot;slideshow&quot;,&quot;background_slideshow_gallery&quot;:[],&quot;background_slideshow_loop&quot;:&quot;yes&quot;,&quot;background_slideshow_slide_duration&quot;:5000,&quot;background_slideshow_slide_transition&quot;:&quot;fade&quot;,&quot;background_slideshow_transition_duration&quot;:500}\">\n\t\t\t\t\t<div class=\"e-con-inner\">\n\t\t\t\t<div class=\"elementor-element elementor-element-b4100a1 elementor-widget elementor-widget-heading\" data-id=\"b4100a1\" data-element_type=\"widget\" data-e-type=\"widget\" data-widget_type=\"heading.default\">\n\t\t\t\t<div class=\"elementor-widget-container\">\n\t\t\t\t\t<h2 class=\"elementor-heading-title elementor-size-default\">IMPRESSUM <\/h2>\t\t\t\t<\/div>\n\t\t\t\t<\/div>\n\t\t\t\t<div class=\"elementor-element elementor-element-4936e82 elementor-widget elementor-widget-text-editor\" data-id=\"4936e82\" data-element_type=\"widget\" data-e-type=\"widget\" data-widget_type=\"text-editor.default\">\n\t\t\t\t<div class=\"elementor-widget-container\">\n\t\t\t\t\t\t\t\t\t<p>Dieses Impressum gilt f\u00fcr folgende Social Media Kan\u00e4le:<\/p><p><a href=\"https:\/\/www.instagram.com\/sbcarwash.de\/\">https:\/\/www.instagram.com\/sbcarwash<\/a><\/p><p><a href=\"https:\/\/www.facebook.com\/people\/SB-Carwash\/61560400542302\/\">https:\/\/www.facebook.com\/sbcarwash<\/a><\/p><p>______________________________________________________________________<\/p><p>Angaben gem\u00e4\u00df \u00a7 5 TMG<\/p><p><strong>H&amp;H Carwash GmbH<\/strong><\/p><p>Daimlerring 6<br \/>65205 Wiesbaden<\/p>\t\t\t\t\t\t\t\t<\/div>\n\t\t\t\t<\/div>\n\t\t\t\t<div class=\"elementor-element elementor-element-ddf103a elementor-widget elementor-widget-text-editor\" data-id=\"ddf103a\" data-element_type=\"widget\" data-e-type=\"widget\" data-widget_type=\"text-editor.default\">\n\t\t\t\t<div class=\"elementor-widget-container\">\n\t\t\t\t\t\t\t\t\t<p>Vertreten durch den Prokuristen:<br \/>S. Bakir <br \/>Telefon: + 49 6122 707 35 57\u00a0\u00a0<br \/>E-Mail: <a href=\"\/en\/carwashgmbh@t-online.de\/\">carwashgmbh@t-online.de<\/a><br \/>Registergericht:<strong>\u00a0<\/strong>Amtsgericht Wiesbaden, HRB 33659<\/p><p>Umsatzsteuer-Identifikationsnummer gem\u00e4\u00df \u00a7 27a<br \/>Umsatzsteuergesetz: DE355600951<\/p><p><strong>EU-Streitschlichtung<\/strong><\/p><p>Die Europ\u00e4ische Kommission stellt eine Plattform zur Online-Streitbeilegung (OS) bereit:<br \/><a href=\"https:\/\/ec.europa.eu\/consumers\/odr\/\">https:\/\/ec.europa.eu\/consumers\/odr\/<\/a><\/p><p>Unsere E-Mail-Adresse finden Sie oben im Impressum.<\/p><p>Wir weisen aber darauf hin, dass wir nicht bereit sind, uns am Streitbeilegungsverfahren im Rahmen der Europ\u00e4ischen Online-Streitbeilegungs-Plattform zu beteiligen. Nutzen Sie zur Kontaktaufnahme bitte unsere obige E-Mail und Telefonnummer.<\/p><p><strong>Verbraucherstreitbeilegung\/Universalschlichtungsstelle<\/strong><\/p><p>Wir sind nicht bereit oder verpflichtet, an Streitbeilegungsverfahren vor einer<br \/>Verbraucherschlichtungsstelle teilzunehmen.<\/p><p><strong>Haftungsausschluss<\/strong><\/p><p><strong>Haftung f\u00fcr Inhalte<\/strong><\/p><p>Als Diensteanbieter sind wir gem\u00e4\u00df \u00a7 7 Abs.1 TMG f\u00fcr eigene Inhalte auf diesen Seiten nach den allgemeinen Gesetzen verantwortlich. Nach \u00a7\u00a7 8 bis 10 TMG sind wir als Diensteanbieter jedoch nicht verpflichtet, \u00fcbermittelte oder gespeicherte fremde Informationen zu \u00fcberwachen oder nach Umst\u00e4nden zu forschen, die auf eine rechtswidrige T\u00e4tigkeit hinweisen. Verpflichtungen zur Entfernung oder Sperrung der Nutzung von Informationen nach den allgemeinen Gesetzen bleiben hiervon unber\u00fchrt. Eine diesbez\u00fcgliche Haftung ist jedoch erst ab dem Zeitpunkt der Kenntnis einer konkreten Rechtsverletzung m\u00f6glich. Bei Bekanntwerden von entsprechenden Rechtsverletzungen werden wir diese Inhalte umgehend entfernen.<\/p><p><strong>Haftung f\u00fcr Links<\/strong><\/p><p>Unser Angebot enth\u00e4lt Links zu externen Webseiten Dritter, auf deren Inhalte wir keinen Einfluss haben. Deshalb k\u00f6nnen wir f\u00fcr diese fremden Inhalte auch keine Gew\u00e4hr \u00fcbernehmen. F\u00fcr die Inhalte der verlinkten Seiten ist stets der jeweilige Anbieter oder Betreiber der Seiten verantwortlich. Die verlinkten Seiten wurden zum Zeitpunkt der Verlinkung auf m\u00f6gliche Rechtsverst\u00f6\u00dfe \u00fcberpr\u00fcft. Rechtswidrige Inhalte waren zum Zeitpunkt der Verlinkung nicht erkennbar. Eine permanente inhaltliche Kontrolle der verlinkten Seiten ist jedoch ohne konkrete Anhaltspunkte einer Rechtsverletzung nicht zumutbar. Bei Bekanntwerden von Rechtsverletzungen werden wir derartige Links umgehend entfernen.<\/p><p><strong>Urheberrecht<\/strong><\/p><p>Die durch die Seitenbetreiber erstellten Inhalte und Werke auf diesen Seiten unterliegen dem deutschen Urheberrecht. Die Vervielf\u00e4ltigung, Bearbeitung, Verbreitung und jede Art der Verwertung au\u00dferhalb der Grenzen des Urheberrechtes bed\u00fcrfen der schriftlichen Zustimmung des jeweiligen Autors bzw. Erstellers. Downloads und Kopien dieser Seite sind nur f\u00fcr den privaten, nicht kommerziellen Gebrauch gestattet. Soweit die Inhalte auf dieser Seite nicht vom Betreiber erstellt wurden, werden die Urheberrechte Dritter beachtet. Insbesondere werden Inhalte Dritter als solche gekennzeichnet. Alle verwendeten Bilder, Texte und Ideen werden mit ihrer Quelle aufgef\u00fchrt oder die Rechte liegen bei mir. Wenn du sie f\u00fcr deinen privaten Blog verwenden m\u00f6chtest, verlinke bitte auf meinen Blog!<\/p><p><strong>Stockfotos<\/strong><br \/>Diverse Stockfotos, welche auf unserer Website verwendet, werden haben wir \u00fcber Canva erworben. Des Weiteren werden lizenzfreie Bilder \u00fcber Pexel genutzt.<\/p>\t\t\t\t\t\t\t\t<\/div>\n\t\t\t\t<\/div>\n\t\t\t\t<div class=\"elementor-element elementor-element-5fa8beb elementor-widget elementor-widget-spacer\" data-id=\"5fa8beb\" data-element_type=\"widget\" data-e-type=\"widget\" data-widget_type=\"spacer.default\">\n\t\t\t\t<div class=\"elementor-widget-container\">\n\t\t\t\t\t\t\t<div class=\"elementor-spacer\">\n\t\t\t<div class=\"elementor-spacer-inner\"><\/div>\n\t\t<\/div>\n\t\t\t\t\t\t<\/div>\n\t\t\t\t<\/div>\n\t\t\t\t\t<\/div>\n\t\t\t\t<\/div>\n\t\t\t\t<\/div>","protected":false},"excerpt":{"rendered":"<p>IMPRESSUM Dieses Impressum gilt f\u00fcr folgende Social Media Kan\u00e4le: https:\/\/www.instagram.com\/sbcarwash https:\/\/www.facebook.com\/sbcarwash ______________________________________________________________________ Angaben gem\u00e4\u00df \u00a7 5 TMG H&amp;H Carwash GmbH Daimlerring 665205 Wiesbaden Vertreten durch den Prokuristen:S. Bakir Telefon: + 49 6122 707 35 57\u00a0\u00a0E-Mail: carwashgmbh@t-online.deRegistergericht:\u00a0Amtsgericht Wiesbaden, HRB 33659 Umsatzsteuer-Identifikationsnummer gem\u00e4\u00df \u00a7 27aUmsatzsteuergesetz: DE355600951 EU-Streitschlichtung Die Europ\u00e4ische Kommission stellt eine Plattform zur Online-Streitbeilegung (OS) bereit:https:\/\/ec.europa.eu\/consumers\/odr\/ [&hellip;]<\/p>\n","protected":false},"author":1,"featured_media":0,"parent":0,"menu_order":0,"comment_status":"closed","ping_status":"closed","template":"","meta":{"ocean_post_layout":"full-screen","ocean_both_sidebars_style":"","ocean_both_sidebars_content_width":0,"ocean_both_sidebars_sidebars_width":0,"ocean_sidebar":"","ocean_second_sidebar":"","ocean_disable_margins":"on","ocean_add_body_class":"","ocean_shortcode_before_top_bar":"","ocean_shortcode_after_top_bar":"","ocean_shortcode_before_header":"","ocean_shortcode_after_header":"","ocean_has_shortcode":"","ocean_shortcode_after_title":"","ocean_shortcode_before_footer_widgets":"","ocean_shortcode_after_footer_widgets":"","ocean_shortcode_before_footer_bottom":"","ocean_shortcode_after_footer_bottom":"","ocean_display_top_bar":"off","ocean_display_header":"off","ocean_header_style":"","ocean_center_header_left_menu":"","ocean_custom_header_template":"","ocean_custom_logo":0,"ocean_custom_retina_logo":0,"ocean_custom_logo_max_width":0,"ocean_custom_logo_tablet_max_width":0,"ocean_custom_logo_mobile_max_width":0,"ocean_custom_logo_max_height":0,"ocean_custom_logo_tablet_max_height":0,"ocean_custom_logo_mobile_max_height":0,"ocean_header_custom_menu":"","ocean_menu_typo_font_family":"","ocean_menu_typo_font_subset":"","ocean_menu_typo_font_size":0,"ocean_menu_typo_font_size_tablet":0,"ocean_menu_typo_font_size_mobile":0,"ocean_menu_typo_font_size_unit":"px","ocean_menu_typo_font_weight":"","ocean_menu_typo_font_weight_tablet":"","ocean_menu_typo_font_weight_mobile":"","ocean_menu_typo_transform":"","ocean_menu_typo_transform_tablet":"","ocean_menu_typo_transform_mobile":"","ocean_menu_typo_line_height":0,"ocean_menu_typo_line_height_tablet":0,"ocean_menu_typo_line_height_mobile":0,"ocean_menu_typo_line_height_unit":"","ocean_menu_typo_spacing":0,"ocean_menu_typo_spacing_tablet":0,"ocean_menu_typo_spacing_mobile":0,"ocean_menu_typo_spacing_unit":"","ocean_menu_link_color":"","ocean_menu_link_color_hover":"","ocean_menu_link_color_active":"","ocean_menu_link_background":"","ocean_menu_link_hover_background":"","ocean_menu_link_active_background":"","ocean_menu_social_links_bg":"","ocean_menu_social_hover_links_bg":"","ocean_menu_social_links_color":"","ocean_menu_social_hover_links_color":"","ocean_disable_title":"default","ocean_disable_heading":"default","ocean_post_title":"","ocean_post_subheading":"","ocean_post_title_style":"","ocean_post_title_background_color":"","ocean_post_title_background":0,"ocean_post_title_bg_image_position":"","ocean_post_title_bg_image_attachment":"","ocean_post_title_bg_image_repeat":"","ocean_post_title_bg_image_size":"","ocean_post_title_height":0,"ocean_post_title_bg_overlay":0.5,"ocean_post_title_bg_overlay_color":"","ocean_disable_breadcrumbs":"default","ocean_breadcrumbs_color":"","ocean_breadcrumbs_separator_color":"","ocean_breadcrumbs_links_color":"","ocean_breadcrumbs_links_hover_color":"","ocean_display_footer_widgets":"default","ocean_display_footer_bottom":"default","ocean_custom_footer_template":"","footnotes":""},"class_list":["post-161","page","type-page","status-publish","hentry","entry"],"_links":{"self":[{"href":"https:\/\/www.sbcarwash.de\/en\/wp-json\/wp\/v2\/pages\/161","targetHints":{"allow":["GET"]}}],"collection":[{"href":"https:\/\/www.sbcarwash.de\/en\/wp-json\/wp\/v2\/pages"}],"about":[{"href":"https:\/\/www.sbcarwash.de\/en\/wp-json\/wp\/v2\/types\/page"}],"author":[{"embeddable":true,"href":"https:\/\/www.sbcarwash.de\/en\/wp-json\/wp\/v2\/users\/1"}],"replies":[{"embeddable":true,"href":"https:\/\/www.sbcarwash.de\/en\/wp-json\/wp\/v2\/comments?post=161"}],"version-history":[{"count":63,"href":"https:\/\/www.sbcarwash.de\/en\/wp-json\/wp\/v2\/pages\/161\/revisions"}],"predecessor-version":[{"id":1174,"href":"https:\/\/www.sbcarwash.de\/en\/wp-json\/wp\/v2\/pages\/161\/revisions\/1174"}],"wp:attachment":[{"href":"https:\/\/www.sbcarwash.de\/en\/wp-json\/wp\/v2\/media?parent=161"}],"curies":[{"name":"wp","href":"https:\/\/api.w.org\/{rel}","templated":true}]}}